{"id":4434,"date":"2021-01-19T19:24:55","date_gmt":"2021-01-19T18:24:55","guid":{"rendered":"http:\/\/trasparenza.unica.it\/dipartimentodiscienzedellavitaedellambiente\/?page_id=4434"},"modified":"2021-01-19T19:24:55","modified_gmt":"2021-01-19T18:24:55","slug":"atti-di-concessione-2021","status":"publish","type":"page","link":"https:\/\/trasparenza.unica.it\/dipartimentodiscienzedellavitaedellambiente\/sovvenzioni-contributi-sussidi-vantaggi-economici\/atti-di-concessione-2021\/","title":{"rendered":"Atti di concessione 2021"},"content":{"rendered":"<p><div class=\"esportatab\">Esporta in formato<span class=\"esportacsv\"><a href=\"http:\/\/people.unica.it\/tools\/esportatab.php?formato=csv&pag=https:\/\/trasparenza.unica.it\/dipartimentodiscienzedellavitaedellambiente\/sovvenzioni-contributi-sussidi-vantaggi-economici\/atti-di-concessione-2021\/\">CSV<\/a><\/span><\/div><br \/>\n\n<table id=\"tablepress-25\" class=\"tablepress tablepress-id-25 tabpaga\">\n<thead>\n<tr class=\"row-1\">\n\t<th class=\"column-1\">Beneficiario<\/th><th class=\"column-2\">Dati fiscali<\/th><th class=\"column-3\">Importo<\/th><th class=\"column-4\">Norma o titolo<\/th><th class=\"column-5\">Ufficio<\/th><th class=\"column-6\">Responsabile<\/th><th class=\"column-7\">Modalit\u00e0 individuazione beneficiario<\/th><th class=\"column-8\">Progetto selezionato\u00a0\u00a0<\/th><th class=\"column-9\">Curriculum incaricato<\/th>\n<\/tr>\n<\/thead>\n<tbody class=\"row-striping row-hover\">\n<tr class=\"row-2\">\n\t<td class=\"column-1\">Claudia SCANO<\/td><td class=\"column-2\"><\/td><td class=\"column-3\">9000,00<\/td><td class=\"column-4\">Regolamento di Ateneo per il conferimento delle borse di ricerca - D.R. 432\/2018<\/td><td class=\"column-5\">Dipartimento di Scienze della vita e dell'ambiente<\/td><td class=\"column-6\">FADDA Anna Maria<\/td><td class=\"column-7\">SELEZIONE PER L\u2019ATTRIBUZIONE DI N. 2 BORSE DI RICERCA DAL TITOLO \u201cNuove metodiche di colorazione per la visualizzazione e caratterizzazione dei neuroni umani (post-mortem)\u201d.Responsabile Scientifico del progetto Prof. Saturnino Spiga.<\/td><td class=\"column-8\"><\/td><td class=\"column-9\"><a href=\"https:\/\/trasparenza.unica.it\/dipartimentodiscienzedellavitaedellambiente\/files\/2021\/03\/SENZA-FIRMA_-CV_SCANO.pdf\">Curriculum vitae<\/a><\/td>\n<\/tr>\n<tr class=\"row-3\">\n\t<td class=\"column-1\">Luca PICCI<\/td><td class=\"column-2\"><\/td><td class=\"column-3\">9000,00<\/td><td class=\"column-4\">Regolamento di Ateneo per il conferimento delle borse di ricerca - D.R. 432\/2018<\/td><td class=\"column-5\">Dipartimento di Scienze della vita e dell'ambiente<\/td><td class=\"column-6\">FADDA Anna Maria<\/td><td class=\"column-7\">SELEZIONE PER L\u2019ATTRIBUZIONE DI N. 2 BORSE DI RICERCA DAL TITOLO \u201cNuove metodiche di colorazione per la visualizzazione e caratterizzazione dei neuroni umani (post-mortem)\u201d.Responsabile Scientifico del progetto Prof. Saturnino Spiga.<\/td><td class=\"column-8\"><\/td><td class=\"column-9\"><a href=\"https:\/\/trasparenza.unica.it\/dipartimentodiscienzedellavitaedellambiente\/files\/2021\/03\/SENZA-FIRMA_CV-PICCI-LUCA.pdf\">Curriculum vitae<\/a><\/td>\n<\/tr>\n<tr class=\"row-4\">\n\t<td class=\"column-1\">Silvia POPONESSI<\/td><td class=\"column-2\"><\/td><td class=\"column-3\">7200,00<\/td><td class=\"column-4\">Regolamento di Ateneo per il conferimento delle borse di ricerca - D.R. 432\/2018<\/td><td class=\"column-5\">Dipartimento di Scienze della vita e dell'ambiente<\/td><td class=\"column-6\">FADDA Anna Maria<\/td><td class=\"column-7\">SELEZIONE PER L\u2019ATTRIBUZIONE DI N. 1 BORSA DI RICERCA N. 171\/2021 DAL TITOLO \u201cEffetti di eventi climatici anomali su comunit\u00e0 briofitiche di habitat ripariali\". Responsabile scientifico prof.ssa Annalena Cogoni <\/td><td class=\"column-8\"><\/td><td class=\"column-9\"><a href=\"https:\/\/trasparenza.unica.it\/dipartimentodiscienzedellavitaedellambiente\/files\/2021\/03\/SENZA-FIRMA_CV-Poponessi.pdf\">Curriculum vitae<\/a><\/td>\n<\/tr>\n<tr class=\"row-5\">\n\t<td class=\"column-1\">Riccardo TADDEO <\/td><td class=\"column-2\"><\/td><td class=\"column-3\">9100,00<\/td><td class=\"column-4\">Regolamento di Ateneo per il conferimento delle borse di ricerca - D.R. 432\/2018<\/td><td class=\"column-5\">Dipartimento di Scienze della vita e dell'ambiente<\/td><td class=\"column-6\">FADDA Anna Maria<\/td><td class=\"column-7\">SELEZIONE PER L\u2019ATTRIBUZIONE DI N. 1 BORSA DI RICERCA DAL TITOLO \u201cCaratterizzazione di matrici alimentari per la produzione di mangimi\u201dResponsabile scientifico Prof. Alberto Angioni <\/td><td class=\"column-8\"><\/td><td class=\"column-9\"><a href=\"https:\/\/trasparenza.unica.it\/dipartimentodiscienzedellavitaedellambiente\/files\/2021\/03\/nosign_CV-TADDEO.pdf\">Curriculum vitae<\/a><\/td>\n<\/tr>\n<tr class=\"row-6\">\n\t<td class=\"column-1\">JACOPO CERA<\/td><td class=\"column-2\"><\/td><td class=\"column-3\">4000,00<\/td><td class=\"column-4\">Regolamento di Ateneo per il conferimento delle borse di ricerca - D.R. 432\/2018<\/td><td class=\"column-5\">Dipartimento di Scienze della vita e dell'ambiente<\/td><td class=\"column-6\">FADDA Anna Maria<\/td><td class=\"column-7\"> SELEZIONE PER L\u2019ATTRIBUZIONE DI N. 2 BORSE DI RICERCA DAL TITOLO \u201cApplicazione della tecnica di marcatura e ricattura sul polpo comune Octopus vulgaris nelle acque fuori Calasetta\u201dResponsabile Scientifico del progetto Dott. Pierantonio Addis _ Responsabile scientifico della borsa Prof.ssa Danila Cuccu <\/td><td class=\"column-8\"><\/td><td class=\"column-9\"><a href=\"https:\/\/trasparenza.unica.it\/dipartimentodiscienzedellavitaedellambiente\/files\/2021\/04\/NO-SIGN-Curriculum_Formativo_e_Professionale_Jacopo_Cera.pdf\">Curriculum vitae<\/a><\/td>\n<\/tr>\n<tr class=\"row-7\">\n\t<td class=\"column-1\">STEFANO RUIU<\/td><td class=\"column-2\"><\/td><td class=\"column-3\">4000,00<\/td><td class=\"column-4\">Regolamento di Ateneo per il conferimento delle borse di ricerca - D.R. 432\/2018<\/td><td class=\"column-5\">Dipartimento di Scienze della vita e dell'ambiente<\/td><td class=\"column-6\">FADDA Anna Maria<\/td><td class=\"column-7\"> SELEZIONE PER L\u2019ATTRIBUZIONE DI N. 2 BORSE DI RICERCA DAL TITOLO \u201cApplicazione della tecnica di marcatura e ricattura sul polpo comune Octopus vulgaris nelle acque fuori Calasetta\u201dResponsabile Scientifico del progetto Dott. Pierantonio Addis _ Responsabile scientifico della borsa Prof.ssa Danila Cuccu <\/td><td class=\"column-8\"><\/td><td class=\"column-9\"><a href=\"https:\/\/trasparenza.unica.it\/dipartimentodiscienzedellavitaedellambiente\/files\/2021\/04\/NO-SIGN-Curriculum_Vitae_Stefano_Ruiu.pdf\">Curriculum vitae<\/a><\/td>\n<\/tr>\n<tr class=\"row-8\">\n\t<td class=\"column-1\">ERICA SANNA  <\/td><td class=\"column-2\"><\/td><td class=\"column-3\">6000,00<\/td><td class=\"column-4\">Regolamento di Ateneo per il conferimento delle borse di ricerca - D.R. 432\/2018<\/td><td class=\"column-5\">Dipartimento di Scienze della vita e dell'ambiente<\/td><td class=\"column-6\">FADDA Anna Maria<\/td><td class=\"column-7\">SELEZIONE PER L\u2019ATTRIBUZIONE DI N. 1 BORSA DI RICERCA DAL TITOLO \u201cSviluppo di nuovi inibitori del virus Ebola in <br \/>\ngrado di ripristinare la risposta immunitaria interferonica\u201d Responsabile Scientifico del progetto Prof. Enzo Tramontano_ Responsabile scientifico della borsa Prof.Elias Maccioni  <\/td><td class=\"column-8\"><\/td><td class=\"column-9\"><a href=\"https:\/\/trasparenza.unica.it\/dipartimentodiscienzedellavitaedellambiente\/files\/2021\/04\/NOSIGN_CV_Sanna_Erica.pdf\">Curriculum vitae<\/a><\/td>\n<\/tr>\n<tr class=\"row-9\">\n\t<td class=\"column-1\">VIVIANA PASQUINI<\/td><td class=\"column-2\"><\/td><td class=\"column-3\">22000,00<\/td><td class=\"column-4\">Regolamento di Ateneo per il conferimento delle borse di ricerca - D.R. 432\/2018<\/td><td class=\"column-5\">Dipartimento di Scienze della vita e dell'ambiente<\/td><td class=\"column-6\">FADDA Anna Maria<\/td><td class=\"column-7\">SELEZIONE PER L\u2019ATTRIBUZIONE DI N. 1 BORSA DI RICERCA 168\/2021 DAL TITOLO \u201cStudio del ruolo delle oloturie nel biorisanamento ambientale dei fondali marini sottostanti gli impianti di acquacoltura multi-trofici\u201d Responsabile Scientifico  Dott. Pierantonio Addis. <\/td><td class=\"column-8\"><\/td><td class=\"column-9\"><a href=\"https:\/\/trasparenza.unica.it\/dipartimentodiscienzedellavitaedellambiente\/files\/2021\/04\/nosign_025-C_modello-CV_bando_borsa_2021_PASQUINI_VIVIANA_pdf.pdf\">Curriculum vitae<\/a><\/td>\n<\/tr>\n<tr class=\"row-10\">\n\t<td class=\"column-1\">MELISSA SERRA <\/td><td class=\"column-2\"><\/td><td class=\"column-3\">8000,00<\/td><td class=\"column-4\">Regolamento di Ateneo per il conferimento delle borse di ricerca - D.R. 432\/2018<\/td><td class=\"column-5\">Dipartimento di Scienze della vita e dell'ambiente<\/td><td class=\"column-6\">FADDA Anna Maria<\/td><td class=\"column-7\">SELEZIONE PER L\u2019ATTRIBUZIONE DI N. 1 BORSA DI RICERCA N 378\/2021 DAL TITOLO \u201cMonitoraggio della piccola pesca artigianale 2021 - AMP Penisola del Sinis \u2013 Isola di Mal di Ventre\u201dResponsabile Scientifico  Dott.Andrea Sabatini <\/td><td class=\"column-8\"><\/td><td class=\"column-9\"><a href=\"https:\/\/trasparenza.unica.it\/dipartimentodiscienzedellavitaedellambiente\/files\/2021\/05\/NO-SIGN_CV_MELISSA_SERRA_Sinis_2021.pdf\">Curriculum vitae<\/a><\/td>\n<\/tr>\n<tr class=\"row-11\">\n\t<td class=\"column-1\">ALESSANDRA FANTASIA <\/td><td class=\"column-2\"><\/td><td class=\"column-3\">10000,00<\/td><td class=\"column-4\">Regolamento di Ateneo per il conferimento delle borse di ricerca - D.R. 432\/2018<\/td><td class=\"column-5\">Dipartimento di Scienze della vita e dell'ambiente<\/td><td class=\"column-6\">FADDA Anna Maria<\/td><td class=\"column-7\">SELEZIONE PER L\u2019ATTRIBUZIONE DI N. 1 BORSA DI RICERCA N 379\/2021 DAL TITOLO  \u201cStudio delle costanti di complesso formazione tra molecole leganti e metalli tossici per la loro rimozione da acque inquinate\u201d Responsabile Scientifico del progetto Prof. ssa Antonella Rossi_  Responsabile scientifico della borsa Prof.ssa Valeria Marina Nurchi  <\/td><td class=\"column-8\"><\/td><td class=\"column-9\"><a href=\"https:\/\/trasparenza.unica.it\/dipartimentodiscienzedellavitaedellambiente\/files\/2021\/05\/NO-SIGN_CV_Alessandra-FANTASIA.pdf\">Curriculum vitae<\/a><\/td>\n<\/tr>\n<tr class=\"row-12\">\n\t<td class=\"column-1\">MARIA PINNA SILVIA <\/td><td class=\"column-2\"><\/td><td class=\"column-3\">15000,00<\/td><td class=\"column-4\">Regolamento di Ateneo per il conferimento delle borse di ricerca - D.R. 432\/2018<\/td><td class=\"column-5\">Dipartimento di Scienze della vita e dell'ambiente<\/td><td class=\"column-6\">TRAMONTANO ENZO <\/td><td class=\"column-7\">SELEZIONE PER L\u2019ATTRIBUZIONE DI N. 1 BORSA DI RICERCA N 377\/2021 DAL TITOLO \u201cEffetti di eventi climatici anomali sulle specie e gli habitat degli ambiti fluviali\u201dResponsabile Scientifico Professor Giuseppe Fenu<\/td><td class=\"column-8\"><\/td><td class=\"column-9\"><a href=\"https:\/\/trasparenza.unica.it\/dipartimentodiscienzedellavitaedellambiente\/files\/2021\/07\/NO-SIGN_CV-Maria-SIlvia-PINNA.pdf\">Curriculum vitae<\/a><\/td>\n<\/tr>\n<tr class=\"row-13\">\n\t<td class=\"column-1\">ARRU NICOLA <\/td><td class=\"column-2\"><\/td><td class=\"column-3\">10400,00<\/td><td class=\"column-4\">Regolamento di Ateneo per il conferimento delle borse di ricerca - D.R. 432\/2018<\/td><td class=\"column-5\">Dipartimento di Scienze della vita e dell'ambiente<\/td><td class=\"column-6\">TRAMONTANO ENZO <\/td><td class=\"column-7\">SELEZIONE PER L\u2019ATTRIBUZIONE DI N. 2 BORSE DI RICERCA N 532\/2021 DAL TITOLO \u201cCaratterizzazione salutistica e tossicologica di mangimi per l\u2019utilizzo negli allevamenti ittici\u201dResponsabile Scientifico  Prof Alberto Angioni<\/td><td class=\"column-8\"><\/td><td class=\"column-9\"><a href=\"https:\/\/trasparenza.unica.it\/dipartimentodiscienzedellavitaedellambiente\/files\/2021\/07\/NO-SIGNED_CV_Nicola_ARRU-.pdf\">Curriculum vitae<\/a><\/td>\n<\/tr>\n<tr class=\"row-14\">\n\t<td class=\"column-1\">CASULA MATTIA <\/td><td class=\"column-2\"><\/td><td class=\"column-3\">10400,00<\/td><td class=\"column-4\">Regolamento di Ateneo per il conferimento delle borse di ricerca - D.R. 432\/2018<\/td><td class=\"column-5\">Dipartimento di Scienze della vita e dell'ambiente<\/td><td class=\"column-6\">TRAMONTANO ENZO <\/td><td class=\"column-7\">SELEZIONE PER L\u2019ATTRIBUZIONE DI N. 2 BORSE DI RICERCA N 532\/2021 DAL TITOLO \u201cCaratterizzazione salutistica e tossicologica di mangimi per l\u2019utilizzo negli allevamenti ittici\u201dResponsabile Scientifico  Prof Alberto Angioni<\/td><td class=\"column-8\"><\/td><td class=\"column-9\"><a href=\"https:\/\/trasparenza.unica.it\/dipartimentodiscienzedellavitaedellambiente\/files\/2021\/07\/NO-SIGNED-_CV_Mattia.CASULA.pdf\">Curriculum vitae<\/a><\/td>\n<\/tr>\n<tr class=\"row-15\">\n\t<td class=\"column-1\">BAZZATO ERIKA <\/td><td class=\"column-2\"><\/td><td class=\"column-3\">4000,00<\/td><td class=\"column-4\">Regolamento di Ateneo per il conferimento delle borse di ricerca - D.R. 432\/2018<\/td><td class=\"column-5\">Dipartimento di Scienze della vita e dell'ambiente<\/td><td class=\"column-6\">TRAMONTANO ENZO <\/td><td class=\"column-7\">SELEZIONE PER L\u2019ATTRIBUZIONE DI N. 1 BORSA DI RICERCA n 472_2021 DAL TITOLO \u201cCartografia della vegetazione ed ecologia del paesaggio per la pianificazione del Parco di Tepilora\u201dResponsabile Scientifico  Prof.ssa Michela Marignani <\/td><td class=\"column-8\"><\/td><td class=\"column-9\"><a href=\"https:\/\/trasparenza.unica.it\/dipartimentodiscienzedellavitaedellambiente\/files\/2021\/07\/CV-ERIKA-BAZZATO.pdf\">Curriculum vitae<\/a><\/td>\n<\/tr>\n<tr class=\"row-16\">\n\t<td class=\"column-1\">MUSU ALESSIO <\/td><td class=\"column-2\"><\/td><td class=\"column-3\">3000,00<\/td><td class=\"column-4\">Regolamento di Ateneo per il conferimento delle borse di ricerca - D.R. 432\/2018<\/td><td class=\"column-5\">Dipartimento di Scienze della vita e dell'ambiente<\/td><td class=\"column-6\">TRAMONTANO ENZO <\/td><td class=\"column-7\">II^ PROROGA DELLA BORSA DI RICERCA N. 50\/2020 DAL TITOLO DAL TITOLO \u201cIndagine conoscitiva sulla rimonta delle ceche di Anguilla anguilla (L.) e composizione delle popolazioni in alcuni bacini idrografici della Sardegna\u201d. Responsabile Scientifico Dott. Andrea Sabatini<\/td><td class=\"column-8\"><\/td><td class=\"column-9\"><a href=\"https:\/\/trasparenza.unica.it\/dipartimentodiscienzedellavitaedellambiente\/files\/2021\/07\/CV-pubblicazione3.pdf\">Curriculum vitae<\/a><\/td>\n<\/tr>\n<tr class=\"row-17\">\n\t<td class=\"column-1\">CORTIS PIERLUIGI<\/td><td class=\"column-2\"><\/td><td class=\"column-3\">15000,00<\/td><td class=\"column-4\">Regolamento di Ateneo per il conferimento delle borse di ricerca - D.R. 432\/2018<\/td><td class=\"column-5\">Dipartimento di Scienze della vita e dell'ambiente<\/td><td class=\"column-6\">TRAMONTANO ENZO <\/td><td class=\"column-7\">III ^ PROROGA BORSA DI RICERCA N. 464\/2018 DAL TITOLO \u201cStudio dei meccanismi di riproduzione di alcuni taxa della famiglia delle Orchidaceae\", Responsabile Scientifico Prof.ssa Annalena Cogoni<\/td><td class=\"column-8\"><\/td><td class=\"column-9\"><a href=\"https:\/\/trasparenza.unica.it\/dipartimentodiscienzedellavitaedellambiente\/files\/2021\/10\/cv-cortis.pdf\">Curriculum Vitae<\/a><\/td>\n<\/tr>\n<tr class=\"row-18\">\n\t<td class=\"column-1\">TOLLE GIULIA <\/td><td class=\"column-2\"><\/td><td class=\"column-3\">8800,00<\/td><td class=\"column-4\">Regolamento di Ateneo per il conferimento delle borse di ricerca - D.R. 432\/2018<\/td><td class=\"column-5\">Dipartimento di Scienze della vita e dell'ambiente<\/td><td class=\"column-6\">TRAMONTANO ENZO <\/td><td class=\"column-7\">SELEZIONE PER L\u2019ATTRIBUZIONE DI N. 1 BORSA DI RICERCA DAL TITOLO \u201cSviluppo di una metodica ion mobility LCQTOFMS per la determinazione dell\u2019acido sialico e dei suoi metaboliti\u201d,Responsabile Scientifico Pierluigi Caboni<\/td><td class=\"column-8\"><\/td><td class=\"column-9\"><a href=\"https:\/\/trasparenza.unica.it\/dipartimentodiscienzedellavitaedellambiente\/files\/2021\/10\/NO-SIGN_CV_scientifico_Tolle_Giulia_.pdf\">Curriculum vitae<\/a><\/td>\n<\/tr>\n<tr class=\"row-19\">\n\t<td class=\"column-1\">CASTANGIA INES <\/td><td class=\"column-2\"><\/td><td class=\"column-3\">9000,00<\/td><td class=\"column-4\">Regolamento di Ateneo per il conferimento delle borse di ricerca - D.R. 432\/2018<\/td><td class=\"column-5\">Dipartimento di Scienze della vita e dell'ambiente<\/td><td class=\"column-6\">TRAMONTANO ENZO <\/td><td class=\"column-7\">SELEZIONE PER L\u2019ATTRIBUZIONE DI N. 1 BORSA DI RICERCA DAL TITOLO \u201cValorizzazione dei sottoprodotti di lavorazione del vino per l\u2019ottenimento di prodotti nutraceutici e cosmeceutici innovativi\u201dResponsabile Scientifico del progetto Prof. Gianluigi Bacchetta _ Responsabile scientifico della borsa Prof.ssa Maria Manconi <\/td><td class=\"column-8\"><\/td><td class=\"column-9\"><a href=\"https:\/\/trasparenza.unica.it\/dipartimentodiscienzedellavitaedellambiente\/files\/2021\/10\/NO-SIGN_CV_Ines_Castangia.pdf\">Curriculum vitae<\/a><\/td>\n<\/tr>\n<tr class=\"row-20\">\n\t<td class=\"column-1\">BAZZATO ERIKA <\/td><td class=\"column-2\"><\/td><td class=\"column-3\">12500,00<\/td><td class=\"column-4\">Regolamento di Ateneo per il conferimento delle borse di ricerca - D.R. 432\/2018<\/td><td class=\"column-5\">Dipartimento di Scienze della vita e dell'ambiente<\/td><td class=\"column-6\">TRAMONTANO ENZO <\/td><td class=\"column-7\">SELEZIONE PER L\u2019ATTRIBUZIONE DI N. 1 BORSA DI RICERCA DAL TITOLO \u201cAnalisi dei rischi, vulnerabilit\u00e0 e capacit\u00e0 di resistenza al cambiamento climatico sulla diversit\u00e0 vegetale costiera ed individuazione di una rete di infrastrutture verdi nella Citt\u00e0 metropolitana di Cagliari\u201dResponsabile Scientifico del progetto Prof. Antonio Pusceddu _ Responsabile scientifico della Borsa Prof.ssa Michela Marignani <\/td><td class=\"column-8\"><\/td><td class=\"column-9\"><a href=\"https:\/\/trasparenza.unica.it\/dipartimentodiscienzedellavitaedellambiente\/files\/2021\/10\/NO-SIGN_BAZZATO.pdf\">Curriculum vitae<\/a><\/td>\n<\/tr>\n<tr class=\"row-21\">\n\t<td class=\"column-1\">MOHAMAD ALLAW<\/td><td class=\"column-2\"><\/td><td class=\"column-3\">10000,00<\/td><td class=\"column-4\">Regolamento di Ateneo per il conferimento delle borse di ricerca - D.R. 432\/2018<\/td><td class=\"column-5\">Dipartimento di Scienze della vita e dell'ambiente<\/td><td class=\"column-6\">TRAMONTANO ENZO <\/td><td class=\"column-7\">SELEZIONE PER L\u2019ATTRIBUZIONE DI N. 1 BORSA DI RICERCA DAL TITOLO \u201cFormulazione di vescicole fosfolipidiche per migliorare l\u2019efficacia dei farmaci nel trattamento della Leishmaniosi\u201d, Responsabile scientifico Prof.ssa Maria Manconi  <\/td><td class=\"column-8\"><\/td><td class=\"column-9\"><a href=\"https:\/\/trasparenza.unica.it\/dipartimentodiscienzedellavitaedellambiente\/files\/2021\/10\/NO-SIGN_CV_Mohamad_Allaw.pdf\">Curriculum vitae<\/a><\/td>\n<\/tr>\n<tr class=\"row-22\">\n\t<td class=\"column-1\">CARICCIA FRANCESCA <\/td><td class=\"column-2\"><\/td><td class=\"column-3\">12500,00<\/td><td class=\"column-4\">Regolamento di Ateneo per il conferimento delle borse di ricerca - D.R. 432\/2018<\/td><td class=\"column-5\">Dipartimento di Scienze della vita e dell'ambiente<\/td><td class=\"column-6\">TRAMONTANO ENZO <\/td><td class=\"column-7\">SELEZIONE PER L\u2019ATTRIBUZIONE DI N. 1 BORSA DI RICERCA DAL TITOLO \u201cAnalisi dei rischi, vulnerabilit\u00e0 e capacit\u00e0 di resilienza al cambiamento climatico di specie chiave e\/o di interesse commerciale negli ambienti acquatici di transizione e marino costieri della Sardegna\u201d Responsabile Scientifico Prof. Antonio Pusceddu<\/td><td class=\"column-8\"><\/td><td class=\"column-9\"><a href=\"https:\/\/trasparenza.unica.it\/dipartimentodiscienzedellavitaedellambiente\/files\/2021\/11\/NO-SIGN-_CV_FRANCESCA_CARICCIA_.pdf\">Curriculum vitae<\/a><\/td>\n<\/tr>\n<tr class=\"row-23\">\n\t<td class=\"column-1\">POPONESSI SILVIA <\/td><td class=\"column-2\"><\/td><td class=\"column-3\">6000,00<\/td><td class=\"column-4\">Regolamento di Ateneo per il conferimento delle borse di ricerca - D.R. 432\/2018<\/td><td class=\"column-5\">Dipartimento di Scienze della vita e dell'ambiente<\/td><td class=\"column-6\">TRAMONTANO ENZO <\/td><td class=\"column-7\">\"SELEZIONE PER L\u2019ATTRIBUZIONE DI N. 1 BORSA DI RICERCA DAL TITOLO \u201cEffetti di eventi climatici anomali su comunit\u00e0 <br \/>\nbriofitiche di habitat ripariali\"\" Responsabile Scientifico Pro.ssa Annalena Cogoni \"<\/td><td class=\"column-8\"><\/td><td class=\"column-9\"><a href=\"https:\/\/trasparenza.unica.it\/dipartimentodiscienzedellavitaedellambiente\/files\/2021\/11\/NO-SIGNED_CV-Poponessi.pdf\">Curriculum vitae<\/a><\/td>\n<\/tr>\n<tr class=\"row-24\">\n\t<td class=\"column-1\">CALDERISI GIULIA <\/td><td class=\"column-2\"><\/td><td class=\"column-3\">4000,00<\/td><td class=\"column-4\">Regolamento di Ateneo per il conferimento delle borse di ricerca - D.R. 432\/2018<\/td><td class=\"column-5\">Dipartimento di Scienze della vita e dell'ambiente<\/td><td class=\"column-6\">TRAMONTANO ENZO <\/td><td class=\"column-7\">\"SELEZIONE PER L\u2019ATTRIBUZIONE DI N. 1 BORSA DI RICERCA DAL TITOLO \u201c\u201cEffetti di eventi climatici anomali sulle popolazioni di <br \/>\nspecie vegetali presenti negli ambienti fluviali\"\" Responsabile scientifico Prof. Giuseppe Fenu\"<\/td><td class=\"column-8\"><\/td><td class=\"column-9\"><a href=\"https:\/\/trasparenza.unica.it\/dipartimentodiscienzedellavitaedellambiente\/files\/2021\/12\/NO-SIGNED_CV-Poponessi.pdf\">Curriculum vitae<\/a><\/td>\n<\/tr>\n<\/tbody>\n<\/table>\n<!-- #tablepress-25 from cache --><\/p>\n","protected":false},"excerpt":{"rendered":"","protected":false},"author":643,"featured_media":0,"parent":558,"menu_order":9,"comment_status":"closed","ping_status":"closed","template":"","meta":{"footnotes":""},"class_list":["post-4434","page","type-page","status-publish","hentry","post-seq-1","post-parity-odd","meta-position-corners","fix"],"_links":{"self":[{"href":"https:\/\/trasparenza.unica.it\/dipartimentodiscienzedellavitaedellambiente\/wp-json\/wp\/v2\/pages\/4434","targetHints":{"allow":["GET"]}}],"collection":[{"href":"https:\/\/trasparenza.unica.it\/dipartimentodiscienzedellavitaedellambiente\/wp-json\/wp\/v2\/pages"}],"about":[{"href":"https:\/\/trasparenza.unica.it\/dipartimentodiscienzedellavitaedellambiente\/wp-json\/wp\/v2\/types\/page"}],"author":[{"embeddable":true,"href":"https:\/\/trasparenza.unica.it\/dipartimentodiscienzedellavitaedellambiente\/wp-json\/wp\/v2\/users\/643"}],"replies":[{"embeddable":true,"href":"https:\/\/trasparenza.unica.it\/dipartimentodiscienzedellavitaedellambiente\/wp-json\/wp\/v2\/comments?post=4434"}],"version-history":[{"count":1,"href":"https:\/\/trasparenza.unica.it\/dipartimentodiscienzedellavitaedellambiente\/wp-json\/wp\/v2\/pages\/4434\/revisions"}],"predecessor-version":[{"id":4436,"href":"https:\/\/trasparenza.unica.it\/dipartimentodiscienzedellavitaedellambiente\/wp-json\/wp\/v2\/pages\/4434\/revisions\/4436"}],"up":[{"embeddable":true,"href":"https:\/\/trasparenza.unica.it\/dipartimentodiscienzedellavitaedellambiente\/wp-json\/wp\/v2\/pages\/558"}],"wp:attachment":[{"href":"https:\/\/trasparenza.unica.it\/dipartimentodiscienzedellavitaedellambiente\/wp-json\/wp\/v2\/media?parent=4434"}],"curies":[{"name":"wp","href":"https:\/\/api.w.org\/{rel}","templated":true}]}}