{"id":1660,"date":"2021-01-18T18:55:31","date_gmt":"2021-01-18T17:55:31","guid":{"rendered":"http:\/\/trasparenza.unica.it\/dipartimentodipedagogiapsicologiafilosofia\/?page_id=1660"},"modified":"2021-01-18T18:55:31","modified_gmt":"2021-01-18T17:55:31","slug":"atti-di-concessione-2021","status":"publish","type":"page","link":"https:\/\/trasparenza.unica.it\/dipartimentodipedagogiapsicologiafilosofia\/sovvenzioni-contributi-sussidi-vantaggi-economici\/atti-di-concessione-2021\/","title":{"rendered":"Atti di concessione 2021"},"content":{"rendered":"<p><div class=\"esportatab\">Esporta in formato<span class=\"esportacsv\"><a href=\"http:\/\/people.unica.it\/tools\/esportatab.php?formato=csv&pag=https:\/\/trasparenza.unica.it\/dipartimentodipedagogiapsicologiafilosofia\/sovvenzioni-contributi-sussidi-vantaggi-economici\/atti-di-concessione-2021\/\">CSV<\/a><\/span><\/div><br \/>\n\n<table id=\"tablepress-18\" class=\"tablepress tablepress-id-18 tabpaga\">\n<thead>\n<tr class=\"row-1\">\n\t<th class=\"column-1\">Beneficiario<\/th><th class=\"column-2\">Dati fiscali<\/th><th class=\"column-3\">Importo<\/th><th class=\"column-4\">Norma o titolo<\/th><th class=\"column-5\">Ufficio<\/th><th class=\"column-6\">Responsabile<\/th><th class=\"column-7\">Modalit\u00e0 individuazione beneficiario<\/th><th class=\"column-8\">Progetto selezionato<\/th><th class=\"column-9\">Curriculum incaricato<\/th>\n<\/tr>\n<\/thead>\n<tbody class=\"row-striping row-hover\">\n<tr class=\"row-2\">\n\t<td class=\"column-1\">Simonluca Pinna<\/td><td class=\"column-2\"><\/td><td class=\"column-3\">1.500,00<\/td><td class=\"column-4\">Regolamento di Ateneo per il conferimento delle borse di ricerca - D. R. n. 432\/2018<\/td><td class=\"column-5\">Dipartimento di Pedagogia, Psicologia, Filosofia<\/td><td class=\"column-6\">Professor Vinicio Busacchi <\/td><td class=\"column-7\">Prosecuzione attivit\u00e0 borsa di ricerca n. 15\/2019 dal titolo \u201cGli \u2018atti emozionali trascendenti\u2019 in Hartmann e lo sviluppo delle capacit\u00e0 di cognizione-riconoscimento\u201d<\/td><td class=\"column-8\">\u201cStudio meta-analitico ed empirico sulla teoria del riconoscimento. Mind-mindedness genitoriale, intersoggettivit\u00e0 e attaccamento come predittori delle abilit\u00e0 metarappresentazionali e pragmatiche del bambino in et\u00e0 scolare\u201d finanziato dalla Regione Autonoma della Sardegna nell\u2019ambito della L. R. n. 7\/2007 (Progetti di ricerca di base \u2013 Annualit\u00e0 2017) con fondi provenienti dal Fondo di Sviluppo e Coesione 2014-2020  CUP F76C18001040002<\/td><td class=\"column-9\"><a href=\"http:\/\/trasparenza.unica.it\/dipartimentodipedagogiapsicologiafilosofia\/files\/2021\/01\/Curriculum-Simonluca-Pinna-pubblicato.pdf\">Curriculum<\/a><\/td>\n<\/tr>\n<tr class=\"row-3\">\n\t<td class=\"column-1\">Roberta Cocco<\/td><td class=\"column-2\"><\/td><td class=\"column-3\">1.500,00<\/td><td class=\"column-4\">Regolamento di Ateneo per il conferimento delle borse di ricerca - D. R. n. 432\/2018<\/td><td class=\"column-5\">Dipartimento di Pedagogia, Psicologia, Filosofia<\/td><td class=\"column-6\">Professor Vinicio Busacchi<\/td><td class=\"column-7\">Prosecuzione attivit\u00e0 borsa di ricerca n. 16\/2019 dal titolo \u201cAspetti affettivi della comprensione\/produzione dell\u2019ironia e della menzogna in bambini in et\u00e0 scolare\u201d<\/td><td class=\"column-8\">\u201cStudio meta-analitico ed empirico sulla teoria del riconoscimento. Mind-mindedness genitoriale, intersoggettivit\u00e0 e attaccamento come predittori delle abilit\u00e0 metarappresentazionali e pragmatiche del bambino in et\u00e0 scolare\u201d finanziato dalla Regione Autonoma della Sardegna nell\u2019ambito della L. R. n. 7\/2007 (Progetti di ricerca di base \u2013 Annualit\u00e0 2017) con fondi provenienti dal Fondo di Sviluppo e Coesione 2014-2020  CUP F76C18001040002<\/td><td class=\"column-9\"><a href=\"http:\/\/trasparenza.unica.it\/dipartimentodipedagogiapsicologiafilosofia\/files\/2021\/01\/Curriculum-Cocco-pubblicato.pdf\">Curriculum<\/a><\/td>\n<\/tr>\n<tr class=\"row-4\">\n\t<td class=\"column-1\">Sara Congiu<\/td><td class=\"column-2\"><\/td><td class=\"column-3\">940,00<\/td><td class=\"column-4\">Regolamento di Ateneo per il conferimento delle borse di ricerca - D. R. n. 432\/2018<\/td><td class=\"column-5\">Dipartimento di Pedagogia, Psicologia, Filosofia<\/td><td class=\"column-6\">Professor Vinicio Busacchi<\/td><td class=\"column-7\">Prosecuzione attivit\u00e0 borsa di ricerca n. 17\/2019 dal titolo \u201cRelazione tra mind-mindness genitoriale, intersoggettivit\u00e0 e attaccamento genitori-bambino nella prima infanzia e lo sviluppo di abilit\u00e0 di Teoria della Mente in et\u00e0 scolare\u201d<\/td><td class=\"column-8\">\u201cStudio meta-analitico ed empirico sulla teoria del riconoscimento. Mind-mindedness genitoriale, intersoggettivit\u00e0 e attaccamento come predittori delle abilit\u00e0 metarappresentazionali e pragmatiche del bambino in et\u00e0 scolare\u201d finanziato dalla Regione Autonoma della Sardegna nell\u2019ambito della L. R. n. 7\/2007 (Progetti di ricerca di base \u2013 Annualit\u00e0 2017) con fondi provenienti dal Fondo di Sviluppo e Coesione 2014-2020  CUP F76C18001040002<\/td><td class=\"column-9\"><a href=\"http:\/\/trasparenza.unica.it\/dipartimentodipedagogiapsicologiafilosofia\/files\/2021\/01\/Curriculum-Congiu.pdf\">Curriculum<\/a><\/td>\n<\/tr>\n<tr class=\"row-5\">\n\t<td class=\"column-1\">Enrica Talu<\/td><td class=\"column-2\"><\/td><td class=\"column-3\">9.683,50<\/td><td class=\"column-4\">Regolamento di Ateneo per il conferimento delle borse di ricerca - D. R. n. 432\/2018<\/td><td class=\"column-5\">Dipartimento di Pedagogia, Psicologia, Filosofia<\/td><td class=\"column-6\">Professor Ferdinando Fornara<\/td><td class=\"column-7\">Selezione per borsa di ricerca n. 2\/2021 dal titolo \u201cAttivit\u00e0 di studio sulle rappresentazioni grafiche dei messaggi persuasivi legati ai cambiamenti nei comportamenti di viaggio\u201d<\/td><td class=\"column-8\">\u201cPersuasione e cambiamento dei comportamenti di viaggio nella prospettiva della mobilit\u00e0 sostenibile: sviluppo di un\u2019applicazione mobile sulla base del ruolo delle dimensioni psicologico-sociali \u201d finanziato dalla R.A.S. nell\u2019ambito della L. R. n. 7\/2007 con fondi provenienti dal F.S.C. 2014-2020<\/td><td class=\"column-9\"><a href=\"https:\/\/trasparenza.unica.it\/dipartimentodipedagogiapsicologiafilosofia\/files\/2021\/03\/Curriculum-Talu-da-pubblicare.pdf\">Curriculum<\/a><\/td>\n<\/tr>\n<tr class=\"row-6\">\n\t<td class=\"column-1\">Marta Masia<\/td><td class=\"column-2\"><\/td><td class=\"column-3\">9.683,50<\/td><td class=\"column-4\">Regolamento di Ateneo per il conferimento delle borse di ricerca - D. R. n. 432\/2018<\/td><td class=\"column-5\">Dipartimento di Pedagogia, Psicologia, Filosofia<\/td><td class=\"column-6\">Professor Ferdinando Fornara<\/td><td class=\"column-7\">Selezione per borsa di ricerca n. 2\/2021 dal titolo \u201cAttivit\u00e0 di studio sulle rappresentazioni grafiche dei messaggi persuasivi legati ai cambiamenti nei comportamenti di viaggio\u201d<\/td><td class=\"column-8\">\u201cPersuasione e cambiamento dei comportamenti di viaggio nella prospettiva della mobilit\u00e0 sostenibile: sviluppo di un\u2019applicazione mobile sulla base del ruolo delle dimensioni psicologico-sociali \u201d finanziato dalla R.A.S. nell\u2019ambito della L. R. n. 7\/2007 con fondi provenienti dal F.S.C. 2014-2020 <\/td><td class=\"column-9\"><a href=\"https:\/\/trasparenza.unica.it\/dipartimentodipedagogiapsicologiafilosofia\/files\/2021\/03\/Curriculum-Masia-da-pubblicare.pdf\">Curriculum<\/a><\/td>\n<\/tr>\n<tr class=\"row-7\">\n\t<td class=\"column-1\">Gian Pietro Carrogu <\/td><td class=\"column-2\"><\/td><td class=\"column-3\">4.200,00<\/td><td class=\"column-4\"> Regolamento di Ateneo per il conferimento delle borse di ricerca - D. R. n. 432\/2018<\/td><td class=\"column-5\">Dipartimento di Pedagogia, Psicologia, Filosofia<\/td><td class=\"column-6\">Professoressa Donatella Rita Petretto <\/td><td class=\"column-7\">Selezione per borsa di ricerca n. 2\/2020 dal titolo \u201cRevisione sistematica della letteratura sul rapporto tra disturbi dello spettro autistico e disturbi visivi e sviluppo di un programma di intervento in ambito scolastico\u201d <\/td><td class=\"column-8\">\u201cVis \u00e0 vis\u201d finanziato da IERFOP Onlus<\/td><td class=\"column-9\"><a href=\"https:\/\/trasparenza.unica.it\/dipartimentodipedagogiapsicologiafilosofia\/files\/2021\/03\/Curriculum-Carrogu-da-pubblicare.pdf\">Curriculum<\/a><\/td>\n<\/tr>\n<tr class=\"row-8\">\n\t<td class=\"column-1\">Roberta Berti <\/td><td class=\"column-2\"><\/td><td class=\"column-3\">4.200,00<\/td><td class=\"column-4\">Regolamento di Ateneo per il conferimento delle borse di ricerca - D. R. n. 432\/2018<\/td><td class=\"column-5\">Dipartimento di Pedagogia, Psicologia, Filosofia<\/td><td class=\"column-6\">Professoressa Donatella Rita Petretto<\/td><td class=\"column-7\">Selezione per borsa di ricerca n. 3\/2020 dal titolo \u201cRevisione sistematica della letteratura sul rapporto tra disturbi dello spettro autistico e disturbi visivi, con un focus sul processo diagnostico\u201d<\/td><td class=\"column-8\">\u201cVis \u00e0 vis\u201d finanziato da IERFOP Onlus<\/td><td class=\"column-9\"><a href=\"https:\/\/trasparenza.unica.it\/dipartimentodipedagogiapsicologiafilosofia\/files\/2021\/03\/Curriculum-Berti-da-pubblicare.pdf\">Curriculum<\/a><\/td>\n<\/tr>\n<tr class=\"row-9\">\n\t<td class=\"column-1\">Luca Gaviano<\/td><td class=\"column-2\"><\/td><td class=\"column-3\">4.200,00<\/td><td class=\"column-4\">Regolamento di Ateneo per il conferimento delle borse di ricerca - D. R. n. 432\/2018<\/td><td class=\"column-5\">Dipartimento di Pedagogia, Psicologia, Filosofia<\/td><td class=\"column-6\">Professoressa Donatella Rita Petretto<\/td><td class=\"column-7\">Selezione per borsa di ricerca n. 1\/2021 dal titolo \u201cRevisione sistematica della letteratura sul rapporto tra disturbi dello spettro autistico e disturbi visivi\u201d<\/td><td class=\"column-8\">\u201cVis \u00e0 vis\u201d finanziato da IERFOP Onlus<\/td><td class=\"column-9\"><a href=\"https:\/\/trasparenza.unica.it\/dipartimentodipedagogiapsicologiafilosofia\/files\/2021\/03\/Curriculum-Luca-Gaviano-da-pubblicare.pdf\">Curriculum<\/a><\/td>\n<\/tr>\n<tr class=\"row-10\">\n\t<td class=\"column-1\">Jessica Pileri <\/td><td class=\"column-2\"><\/td><td class=\"column-3\">6.000,00<\/td><td class=\"column-4\">Regolamento di Ateneo per il conferimento delle borse di ricerca - D. R. n. 432\/2018<\/td><td class=\"column-5\">Dipartimento di Pedagogia, Psicologia, Filosofia<\/td><td class=\"column-6\">Professoressa Silvia De Simone<\/td><td class=\"column-7\">Selezione per borsa di ricerca n. 6\/2021 dal titolo \u201cIl benessere psicologico delle persone transgender e gender non-conforming<\/td><td class=\"column-8\">\u201cThe psychological well-being of Transgender and Gender Non-Conforming (TGNC) individuals. Risk and protective factors in the main contexts of belonging (family, school, work, care): between discriminations and strategies for inclusion\u201d finanziato dalla Fondazione di Sardegna, Progetti biennali annualit\u00e0 2019 CUP F72F20000400007<\/td><td class=\"column-9\"><a href=\"https:\/\/trasparenza.unica.it\/dipartimentodipedagogiapsicologiafilosofia\/files\/2021\/05\/Curriculum-Jessica-Pileri-da-pubblicare.pdf\">Curriculum\/a&gt;<\/td>\n<\/tr>\n<tr class=\"row-11\">\n\t<td class=\"column-1\">Adam Prenosil<\/td><td class=\"column-2\"><\/td><td class=\"column-3\">29.000,00<\/td><td class=\"column-4\">Regolamento di Ateneo per il conferimento delle borse di ricerca - D. R. n. 432\/2018<\/td><td class=\"column-5\">Dipartimento di Pedagogia, Psicologia, Filosofia<\/td><td class=\"column-6\">Professor Francesco Paoli<\/td><td class=\"column-7\">Selezione per borsa di ricerca n. 5\/2021 dal titolo \u201cLe logiche di Kleene: teoria della dimostrazione e semantica algebrica\u201d<\/td><td class=\"column-8\"> \u201cResource sensitive reasoning and logic\u201d finanziato dalla Fondazione di Sardegna, Progetti biennali annualit\u00e0 2019 CUP F72F20000410007<\/td><td class=\"column-9\"><a href=\"https:\/\/trasparenza.unica.it\/dipartimentodipedagogiapsicologiafilosofia\/files\/2021\/07\/Curriculum-Prenosil-da-pubblicare.pdf\">Curriculum<\/a><\/td>\n<\/tr>\n<tr class=\"row-12\">\n\t<td class=\"column-1\">Carla Ghiani <\/td><td class=\"column-2\"><\/td><td class=\"column-3\">3.000,00<\/td><td class=\"column-4\">Regolamento di Ateneo per il conferimento delle borse di ricerca - D. R. n. 432\/2018<\/td><td class=\"column-5\">Dipartimento di Pedagogia, Psicologia, Filosofia<\/td><td class=\"column-6\">Professoressa Stella Conte<\/td><td class=\"column-7\">Selezione per borsa di ricerca n. 8\/2021 dal titolo \u201cRicerca, azione: dipendenza da smartphone, tratti di personalit\u00e0, locus of control e autostima, fattori di rischio e fattori di protezione<\/td><td class=\"column-8\">\u201cSmartphone. Istruzioni per l\u2019uso: prevenzione dei disturbi psicofisici dovuti alla dipendenza dalle nuove tecnologie\u201d finanziato dalla Fondazione di Sardegna<\/td><td class=\"column-9\"><a href=\"https:\/\/trasparenza.unica.it\/dipartimentodipedagogiapsicologiafilosofia\/files\/2021\/07\/Curriculum-Ghiani-da-pubblicare.pdf\">Curriculum<\/a><\/td>\n<\/tr>\n<tr class=\"row-13\">\n\t<td class=\"column-1\">Enrica Talu<\/td><td class=\"column-2\"><\/td><td class=\"column-3\">4.800,00<\/td><td class=\"column-4\">Regolamento di Ateneo per il conferimento delle borse di ricerca - D. R. n. 432\/2018<\/td><td class=\"column-5\">Dipartimento di Pedagogia, Psicologia, Filosofia<\/td><td class=\"column-6\">Professor Ferdinando Fornara<\/td><td class=\"column-7\">Prosecuzione attivit\u00e0 borsa di ricerca n. 2\/2021 dal titolo \u201cAttivit\u00e0 di studio sulle rappresentazioni grafiche dei messaggi persuasivi legati ai cambiamenti nei comportamenti di viaggio\u201d<\/td><td class=\"column-8\">\u201cPersuasione e cambiamento dei comportamenti di viaggio nella prospettiva della mobilit\u00e0 sostenibile: sviluppo di un\u2019applicazione mobile sulla base del ruolo delle dimensioni psicologico-sociali \u201d finanziato dalla R.A.S. nell\u2019ambito della L. R. n. 7\/2007 con fondi provenienti dal F.S.C. 2014-2020<\/td><td class=\"column-9\"><a href=\"https:\/\/trasparenza.unica.it\/dipartimentodipedagogiapsicologiafilosofia\/files\/2021\/09\/Curriculum-Talu-da-pubblicare.pdf\">Curriculum<\/a><\/td>\n<\/tr>\n<tr class=\"row-14\">\n\t<td class=\"column-1\">Marta Masia<\/td><td class=\"column-2\"><\/td><td class=\"column-3\">4.800,00<\/td><td class=\"column-4\">Regolamento di Ateneo per il conferimento delle borse di ricerca - D. R. n. 432\/2018<\/td><td class=\"column-5\">Dipartimento di Pedagogia, Psicologia, Filosofia<\/td><td class=\"column-6\">Professor Ferdinando Fornara<\/td><td class=\"column-7\">Prosecuzione attivit\u00e0 borsa di ricerca n. 3\/2021 dal titolo \u201cAttivit\u00e0 di studio sulle rappresentazioni grafiche dei messaggi persuasivi legati ai cambiamenti nei comportamenti di viaggio\u201d<\/td><td class=\"column-8\">\u201cPersuasione e cambiamento dei comportamenti di viaggio nella prospettiva della mobilit\u00e0 sostenibile: sviluppo di un\u2019applicazione mobile sulla base del ruolo delle dimensioni psicologico-sociali \u201d finanziato dalla R.A.S. nell\u2019ambito della L. R. n. 7\/2007 con fondi provenienti dal F.S.C. 2014-2020<\/td><td class=\"column-9\"><a href=\"https:\/\/trasparenza.unica.it\/dipartimentodipedagogiapsicologiafilosofia\/files\/2021\/09\/Curriculum-Masia-da-pubblicare.pdf\">Curriculum<\/a><\/td>\n<\/tr>\n<tr class=\"row-15\">\n\t<td class=\"column-1\">Francesca Tirotto<\/td><td class=\"column-2\"><\/td><td class=\"column-3\">1.600,00<\/td><td class=\"column-4\">Regolamento di Ateneo per il conferimento delle borse di ricerca - D. R. n. 432\/2018<\/td><td class=\"column-5\">Dipartimento di Pedagogia, Psicologia, Filosofia<\/td><td class=\"column-6\">Professor Ferdinando Fornara<\/td><td class=\"column-7\">Selezione per borsa di ricerca n. 9\/2021 dal titolo \u201cDecodifica, analisi e interpretazione di dati relativi ai comportamenti di trasporto\u201d<\/td><td class=\"column-8\">\u201cPersuasione e cambiamento dei comportamenti di viaggio nella prospettiva della mobilit\u00e0 sostenibile: sviluppo di un\u2019applicazione mobile sulla base del ruolo delle dimensioni psicologico-sociali \u201d finanziato dalla R.A.S. nell\u2019ambito della L. R. n. 7\/2007 con fondi provenienti dal F.S.C. 2014-2020<\/td><td class=\"column-9\"><a href=\"https:\/\/trasparenza.unica.it\/dipartimentodipedagogiapsicologiafilosofia\/files\/2021\/11\/Curriculum-Tirotto.pdf\">Curriculum<\/a><\/td>\n<\/tr>\n<tr class=\"row-16\">\n\t<td class=\"column-1\">Sara Manca<\/td><td class=\"column-2\"><\/td><td class=\"column-3\">1.600,00<\/td><td class=\"column-4\">Regolamento di Ateneo per il conferimento delle borse di ricerca - D. R. n. 432\/2018<\/td><td class=\"column-5\">Dipartimento di Pedagogia, Psicologia, Filosofia<\/td><td class=\"column-6\">Professor Ferdinando Fornara<\/td><td class=\"column-7\">Selezione per borsa di ricerca n. 9\/2021 dal titolo \u201cDecodifica, analisi e interpretazione di dati relativi ai comportamenti di trasporto\u201d<\/td><td class=\"column-8\">\u201cPersuasione e cambiamento dei comportamenti di viaggio nella prospettiva della mobilit\u00e0 sostenibile: sviluppo di un\u2019applicazione mobile sulla base del ruolo delle dimensioni psicologico-sociali \u201d finanziato dalla R.A.S. nell\u2019ambito della L. R. n. 7\/2007 con fondi provenienti dal F.S.C. 2014-2020<\/td><td class=\"column-9\"><a href=\"https:\/\/trasparenza.unica.it\/dipartimentodipedagogiapsicologiafilosofia\/files\/2021\/11\/Curriculum-Manca.pdf\">Curriculum<\/a><\/td>\n<\/tr>\n<tr class=\"row-17\">\n\t<td class=\"column-1\">Jessica Pileri <\/td><td class=\"column-2\"><\/td><td class=\"column-3\">1.000,00<\/td><td class=\"column-4\">Regolamento di Ateneo per il conferimento delle borse di ricerca - D. R. n. 432\/2018<\/td><td class=\"column-5\">Dipartimento di Pedagogia, Psicologia, Filosofia<\/td><td class=\"column-6\">Professoressa Silvia De Simone<\/td><td class=\"column-7\">Selezione per borsa di ricerca n. 11\/2021 dal titolo \u201cAnalisi longitudinale del clima organizzativo nel settore delle Pubbliche Amministrazioni\u201d<\/td><td class=\"column-8\">\u201cBenEssere in A.S.P.A.L.\u201d finanziato dall\u2019Agenzia Sarda per le Politiche Attive del Lavoro (A.S.P.A.L.) nell\u2019ambito della convenzione conto terzi stipulata in data 04.08.2021 <\/td><td class=\"column-9\"><a href=\"https:\/\/trasparenza.unica.it\/dipartimentodipedagogiapsicologiafilosofia\/files\/2021\/11\/Curriculum-Pileri-da-pubblicare.pdf\">Curriculum<\/a><\/td>\n<\/tr>\n<tr class=\"row-18\">\n\t<td class=\"column-1\">Alice Sgualdini <\/td><td class=\"column-2\"><\/td><td class=\"column-3\">3.000,00<\/td><td class=\"column-4\">Regolamento di Ateneo per il conferimento delle borse di ricerca - D. R. n. 432\/2018<\/td><td class=\"column-5\">Dipartimento di Pedagogia, Psicologia, Filosofia<\/td><td class=\"column-6\">Professoressa Silvia De Simone<\/td><td class=\"column-7\">Selezione per borsa di ricerca n. 11\/2021 dal titolo \u201cAnalisi longitudinale del clima organizzativo nel settore delle Pubbliche Amministrazioni\u201d<\/td><td class=\"column-8\">\u201cBenEssere in A.S.P.A.L.\u201d finanziato dall\u2019Agenzia Sarda per le Politiche Attive del Lavoro (A.S.P.A.L.) nell\u2019ambito della convenzione conto terzi stipulata in data 04.08.2021<\/td><td class=\"column-9\"><a href=\"https:\/\/trasparenza.unica.it\/dipartimentodipedagogiapsicologiafilosofia\/files\/2021\/11\/Curriculum-Sgualdini-da-pubblicare.pdf\">Curriculum<\/a><\/td>\n<\/tr>\n<tr class=\"row-19\">\n\t<td class=\"column-1\">Antonia Monica Mameli<\/td><td class=\"column-2\"><\/td><td class=\"column-3\">4.200,00<\/td><td class=\"column-4\">Regolamento di Ateneo per il conferimento delle borse di ricerca - D. R. n. 432\/2018<\/td><td class=\"column-5\">Dipartimento di Pedagogia, Psicologia, Filosofia<\/td><td class=\"column-6\">Professoressa Donatella Rita Petretto<\/td><td class=\"column-7\">Selezione per borsa di ricerca n. 10\/2021 dal titolo \u201cDisturbi dello spettro autistico e disturbi visivi: uno studio sulle basi neurobiologiche\u201d<\/td><td class=\"column-8\">\u201cVis \u00e0 vis\u201d finanziato da IERFOP Onlus<\/td><td class=\"column-9\"><a href=\"https:\/\/trasparenza.unica.it\/dipartimentodipedagogiapsicologiafilosofia\/files\/2022\/01\/Curriculum-Mameli-da-pubblicare.pdf\">Curriculum<\/a><\/td>\n<\/tr>\n<\/tbody>\n<\/table>\n<!-- #tablepress-18 from cache --><\/p>\n","protected":false},"excerpt":{"rendered":"","protected":false},"author":643,"featured_media":0,"parent":558,"menu_order":8,"comment_status":"closed","ping_status":"closed","template":"","meta":{"footnotes":""},"class_list":["post-1660","page","type-page","status-publish","hentry","post-seq-1","post-parity-odd","meta-position-corners","fix"],"_links":{"self":[{"href":"https:\/\/trasparenza.unica.it\/dipartimentodipedagogiapsicologiafilosofia\/wp-json\/wp\/v2\/pages\/1660","targetHints":{"allow":["GET"]}}],"collection":[{"href":"https:\/\/trasparenza.unica.it\/dipartimentodipedagogiapsicologiafilosofia\/wp-json\/wp\/v2\/pages"}],"about":[{"href":"https:\/\/trasparenza.unica.it\/dipartimentodipedagogiapsicologiafilosofia\/wp-json\/wp\/v2\/types\/page"}],"author":[{"embeddable":true,"href":"https:\/\/trasparenza.unica.it\/dipartimentodipedagogiapsicologiafilosofia\/wp-json\/wp\/v2\/users\/643"}],"replies":[{"embeddable":true,"href":"https:\/\/trasparenza.unica.it\/dipartimentodipedagogiapsicologiafilosofia\/wp-json\/wp\/v2\/comments?post=1660"}],"version-history":[{"count":1,"href":"https:\/\/trasparenza.unica.it\/dipartimentodipedagogiapsicologiafilosofia\/wp-json\/wp\/v2\/pages\/1660\/revisions"}],"predecessor-version":[{"id":1662,"href":"https:\/\/trasparenza.unica.it\/dipartimentodipedagogiapsicologiafilosofia\/wp-json\/wp\/v2\/pages\/1660\/revisions\/1662"}],"up":[{"embeddable":true,"href":"https:\/\/trasparenza.unica.it\/dipartimentodipedagogiapsicologiafilosofia\/wp-json\/wp\/v2\/pages\/558"}],"wp:attachment":[{"href":"https:\/\/trasparenza.unica.it\/dipartimentodipedagogiapsicologiafilosofia\/wp-json\/wp\/v2\/media?parent=1660"}],"curies":[{"name":"wp","href":"https:\/\/api.w.org\/{rel}","templated":true}]}}