{"id":650,"date":"2016-10-19T18:36:31","date_gmt":"2016-10-19T16:36:31","guid":{"rendered":"http:\/\/trasparenza.unica.it\/accesso\/?page_id=650"},"modified":"2016-12-22T12:37:39","modified_gmt":"2016-12-22T11:37:39","slug":"dati-non-pubblicati","status":"publish","type":"page","link":"https:\/\/trasparenza.unica.it\/accesso\/dati-non-pubblicati\/","title":{"rendered":"Dati non pubblicati"},"content":{"rendered":"<link rel='stylesheet' id='formidable-css' href='https:\/\/trasparenza.unica.it\/accesso\/wp-content\/plugins\/formidable\/css\/formidableforms2312.css?ver=711452' type='text\/css' media='all' \/>\n<div class=\"frm_forms  with_frm_style frm_style_formidable-style\" id=\"frm_form_13_container\" >\n<form enctype=\"multipart\/form-data\" method=\"post\" class=\"frm-show-form  frm_pro_form \" id=\"form_msazbt32\" >\n<div class=\"frm_form_fields  frm_page_num_1\">\n<fieldset>\n<legend class=\"frm_hidden\">Accesso civico<\/legend>\r\n\r\n<div class=\"frm_fields_container\">\n<input type=\"hidden\" name=\"frm_action\" value=\"create\" \/>\n<input type=\"hidden\" name=\"form_id\" value=\"13\" \/>\n<input type=\"hidden\" name=\"frm_hide_fields_13\" id=\"frm_hide_fields_13\" value=\"\" \/>\n<input type=\"hidden\" name=\"form_key\" value=\"msazbt32\" \/>\n<input type=\"hidden\" name=\"item_meta[0]\" value=\"\" \/>\n<input type=\"hidden\" id=\"frm_submit_entry_13\" name=\"frm_submit_entry_13\" value=\"4c16c5665f\" \/><input type=\"hidden\" name=\"_wp_http_referer\" value=\"\/accesso\/wp-json\/wp\/v2\/pages\/650\" \/><div id=\"frm_field_234_container\" class=\"frm_form_field  frm_html_container form-field\">\n<h4>Accesso civico semplice pag. 1\/3<\/h4>\n<p>Modulo per richiedere dati\/informazioni\/documenti di cui si \u00e8 riscontrata l'omessa, parziale o insufficiente pubblicazione secondo quanto previsto <a  target=\"_blank\" href=\"http:\/\/www.normattiva.it\/uri-res\/N2Ls?urn:nir:stato:decreto.legislativo:2013-03-14;33!vig=\"> dall'articolo 5, comma 1 del d.lgs. n. 33\/2013 <\/a>e ulteriormente specificato dalle apposite Linee guida ANAC<\/p>\n<div class=\"frm_pos_top frm_section_spacing\" style=\"padding-top: 10px;\">\n<p><strong>ISTRUZIONI<\/strong><br \/>Compila il modulo e vai alla pagina successiva. <\/p>\n<ul>\n<li><strong>In caso di firma autografa:<\/strong> stampa la pagina di riepilogo, sottoscrivila, scansionala, vai alla pagina successiva, carica la pagina firmata e la copia del documento di identit\u00e0, infine invia. <\/li>\n<li><strong>In caso di firma elettronica:<\/strong> salva in PDF la pagina di riepilogo, sottoscrivila, caricala nella pagina successiva e invia.<\/li>\n<\/ul>\n<\/div>\n<\/div>\n<div id=\"frm_field_235_container\" class=\"frm_form_field frm_section_heading form-field  frm_hide_section\">\r\n<h3 class=\"frm_pos_none frm_section_spacing\"><\/h3>\r\n\r\n\r\n<div id=\"frm_field_236_container\" class=\"frm_form_field form-field  frm_required_field frm_top_container frm_half frm_first\">\r\n    <label for=\"field_oh2bj32\" class=\"frm_primary_label\">Nome\r\n        <span class=\"frm_required\">*<\/span>\r\n    <\/label>\r\n    <input  type=\"text\" id=\"field_oh2bj32\" name=\"item_meta[236]\" value=\"\"  data-sectionid=\"235\"  style=\"width:400px\" maxlength=\"50\" data-reqmsg=\"Questo campo non pu\u00f2 essere vuoto.\" aria-required=\"true\" data-invmsg=\"Nome non \u00e8 valido\" class=\"auto_width\" aria-invalid=\"false\"   \/>\r\n    \r\n    \r\n<\/div>\n<div id=\"frm_field_237_container\" class=\"frm_form_field form-field  frm_required_field frm_top_container frm_half frm_last\">\r\n    <label for=\"field_hh5ou32\" class=\"frm_primary_label\">Cognome\r\n        <span class=\"frm_required\">*<\/span>\r\n    <\/label>\r\n    <input  type=\"text\" id=\"field_hh5ou32\" name=\"item_meta[237]\" value=\"\"  data-sectionid=\"235\"  style=\"width:400px\" maxlength=\"50\" data-reqmsg=\"Questo campo non pu\u00f2 essere vuoto.\" aria-required=\"true\" data-invmsg=\"Cognome non \u00e8 valido\" class=\"auto_width\" aria-invalid=\"false\"   \/>\r\n    \r\n    \r\n<\/div>\n<div id=\"frm_field_238_container\" class=\"frm_form_field form-field  frm_required_field frm_top_container frm_first frm_half\">\r\n    <label for=\"field_a4jtpf32\" class=\"frm_primary_label\">Luogo di nascita\r\n        <span class=\"frm_required\">*<\/span>\r\n    <\/label>\r\n    <input  type=\"text\" id=\"field_a4jtpf32\" name=\"item_meta[238]\" value=\"\"  data-sectionid=\"235\"  style=\"width:400px\" maxlength=\"100\" data-reqmsg=\"Questo campo non pu\u00f2 essere vuoto.\" aria-required=\"true\" data-invmsg=\"Luogo di nascita non \u00e8 valido\" class=\"auto_width\" aria-invalid=\"false\"   \/>\r\n    \r\n    \r\n<\/div>\n<div id=\"frm_field_239_container\" class=\"frm_form_field form-field  frm_required_field frm_top_container frm_half\">\r\n    <label for=\"field_4y8pf3\" class=\"frm_primary_label\">Data di nascita\r\n        <span class=\"frm_required\">*<\/span>\r\n    <\/label>\r\n    <input type=\"text\" id=\"field_4y8pf3\" name=\"item_meta[239]\" value=\"\"  data-sectionid=\"235\"  style=\"width:400px\" maxlength=\"10\" data-reqmsg=\"Questo campo non pu\u00f2 essere vuoto.\" aria-required=\"true\" data-invmsg=\"Data di nascita in formato non valido\" class=\"frm_date auto_width\" aria-invalid=\"false\"  \/>\r\n    \r\n    \r\n<\/div>\n<div id=\"frm_field_240_container\" class=\"frm_form_field form-field  frm_required_field frm_top_container frm_first frm_half\">\r\n    <label for=\"field_n50qxf32\" class=\"frm_primary_label\">Recapito telefonico\r\n        <span class=\"frm_required\">*<\/span>\r\n    <\/label>\r\n    <input type=\"tel\" id=\"field_n50qxf32\" name=\"item_meta[240]\" value=\"\"  data-sectionid=\"235\"  style=\"width:400px\" maxlength=\"20\" data-reqmsg=\"Questo campo non pu\u00f2 essere vuoto.\" aria-required=\"true\" data-invmsg=\"Recapito telefonico non \u00e8 valido\" class=\"auto_width\" aria-invalid=\"false\" pattern=\"((\\+\\d{1,3}(-|.| )?\\(?\\d\\)?(-| |.)?\\d{1,5})|(\\(?\\d{2,6}\\)?))(-|.| )?(\\d{3,4})(-|.| )?(\\d{4})(( x| ext)\\d{1,5}){0,1}$\"  \/>\r\n    \r\n    \r\n<\/div>\n<div id=\"frm_field_241_container\" class=\"frm_form_field form-field  frm_required_field frm_top_container frm_half\">\r\n    <label for=\"field_dehcky32\" class=\"frm_primary_label\">Indirizzo di posta elettronica\r\n        <span class=\"frm_required\">*<\/span>\r\n    <\/label>\r\n    <input type=\"email\" id=\"field_dehcky32\" name=\"item_meta[241]\" value=\"\"  data-sectionid=\"235\"  style=\"width:400px\" maxlength=\"100\" data-reqmsg=\"Questo campo non pu\u00f2 essere vuoto.\" aria-required=\"true\" data-invmsg=\"indirizzo di posta elettronica non \u00e8 valido\" class=\"auto_width\" aria-invalid=\"false\"  \/>\r\n    \r\n    \r\n<\/div>\n<div id=\"frm_field_242_container\" class=\"frm_form_field form-field  frm_required_field frm_top_container frm_first frm_half\">\r\n    <label for=\"field_cjatkv32\" class=\"frm_primary_label\">Luogo di residenza\r\n        <span class=\"frm_required\">*<\/span>\r\n    <\/label>\r\n    <input  type=\"text\" id=\"field_cjatkv32\" name=\"item_meta[242]\" value=\"\"  data-sectionid=\"235\"  style=\"width:400px\" maxlength=\"100\" data-reqmsg=\"Questo campo non pu\u00f2 essere vuoto.\" aria-required=\"true\" data-invmsg=\"Luogo di residenza non \u00e8 valido\" class=\"auto_width\" aria-invalid=\"false\"   \/>\r\n    \r\n    \r\n<\/div>\n<div id=\"frm_field_243_container\" class=\"frm_form_field form-field  frm_required_field frm_top_container frm_half\">\r\n    <label for=\"field_z23oj932\" class=\"frm_primary_label\">Provincia\r\n        <span class=\"frm_required\">*<\/span>\r\n    <\/label>\r\n    <input  type=\"text\" id=\"field_z23oj932\" name=\"item_meta[243]\" value=\"\"  data-sectionid=\"235\"  style=\"width:400px\" maxlength=\"50\" data-reqmsg=\"Questo campo non pu\u00f2 essere vuoto.\" aria-required=\"true\" data-invmsg=\"Provincia non \u00e8 valido\" class=\"auto_width\" aria-invalid=\"false\"   \/>\r\n    \r\n    \r\n<\/div>\n<div id=\"frm_field_283_container\" class=\"frm_form_field form-field  frm_required_field frm_top_container frm_half frm_first\">\r\n    <label for=\"field_6vy6f\" class=\"frm_primary_label\">Stato\r\n        <span class=\"frm_required\">*<\/span>\r\n    <\/label>\r\n    \t\t<select name=\"item_meta[283]\" id=\"field_6vy6f\"  data-sectionid=\"235\"  data-placeholder=\"Seleziona un&#039;opzione\"  data-reqmsg=\"Questo campo non pu\u00f2 essere vuoto.\" aria-required=\"true\" data-invmsg=\"Stato non \u00e8 valido\" class=\"frm_slimselect\" aria-invalid=\"false\"  >\n\t\t<option  value=\"\" selected='selected'> <\/option><option  value=\"Italia\">Italia<\/option><option  value=\"Afghanistan\">Afghanistan<\/option><option  value=\"Albania\">Albania<\/option><option  value=\"Algeria\">Algeria<\/option><option  value=\"American Samoa\">American Samoa<\/option><option  value=\"Andorra\">Andorra<\/option><option  value=\"Angola\">Angola<\/option><option  value=\"Anguilla\">Anguilla<\/option><option  value=\"Antarctica\">Antarctica<\/option><option  value=\"Antigua and Barbuda\">Antigua and Barbuda<\/option><option  value=\"Argentina\">Argentina<\/option><option  value=\"Armenia\">Armenia<\/option><option  value=\"Aruba\">Aruba<\/option><option  value=\"Australia\">Australia<\/option><option  value=\"Austria\">Austria<\/option><option  value=\"Azerbaijan\">Azerbaijan<\/option><option  value=\"Bahamas\">Bahamas<\/option><option  value=\"Bahrain\">Bahrain<\/option><option  value=\"Bangladesh\">Bangladesh<\/option><option  value=\"Barbados\">Barbados<\/option><option  value=\"Belarus\">Belarus<\/option><option  value=\"Belgium\">Belgium<\/option><option  value=\"Belize\">Belize<\/option><option  value=\"Benin\">Benin<\/option><option  value=\"Bermuda\">Bermuda<\/option><option  value=\"Bhutan\">Bhutan<\/option><option  value=\"Bolivia\">Bolivia<\/option><option  value=\"Bosnia and Herzegovina\">Bosnia and Herzegovina<\/option><option  value=\"Botswana\">Botswana<\/option><option  value=\"Brazil\">Brazil<\/option><option  value=\"Brunei\">Brunei<\/option><option  value=\"Bulgaria\">Bulgaria<\/option><option  value=\"Burkina Faso\">Burkina Faso<\/option><option  value=\"Burundi\">Burundi<\/option><option  value=\"Cambodia\">Cambodia<\/option><option  value=\"Cameroon\">Cameroon<\/option><option  value=\"Canada\">Canada<\/option><option  value=\"Cape Verde\">Cape Verde<\/option><option  value=\"Cayman Islands\">Cayman Islands<\/option><option  value=\"Central African Republic\">Central African Republic<\/option><option  value=\"Chad\">Chad<\/option><option  value=\"Chile\">Chile<\/option><option  value=\"China\">China<\/option><option  value=\"Colombia\">Colombia<\/option><option  value=\"Comoros\">Comoros<\/option><option  value=\"Congo\">Congo<\/option><option  value=\"Costa Rica\">Costa Rica<\/option><option  value=\"C\u00f4te d\u2018Ivoire\">C\u00f4te d\u2018Ivoire<\/option><option  value=\"Croatia\">Croatia<\/option><option  value=\"Cuba\">Cuba<\/option><option  value=\"Cyprus\">Cyprus<\/option><option  value=\"Czech Republic\">Czech Republic<\/option><option  value=\"Denmark\">Denmark<\/option><option  value=\"Djibouti\">Djibouti<\/option><option  value=\"Dominica\">Dominica<\/option><option  value=\"Dominican Republic\">Dominican Republic<\/option><option  value=\"East Timor\">East Timor<\/option><option  value=\"Ecuador\">Ecuador<\/option><option  value=\"Egypt\">Egypt<\/option><option  value=\"El Salvador\">El Salvador<\/option><option  value=\"Equatorial Guinea\">Equatorial Guinea<\/option><option  value=\"Eritrea\">Eritrea<\/option><option  value=\"Estonia\">Estonia<\/option><option  value=\"Ethiopia\">Ethiopia<\/option><option  value=\"Fiji\">Fiji<\/option><option  value=\"Finland\">Finland<\/option><option  value=\"France\">France<\/option><option  value=\"French Guiana\">French Guiana<\/option><option  value=\"French Polynesia\">French Polynesia<\/option><option  value=\"Gabon\">Gabon<\/option><option  value=\"Gambia\">Gambia<\/option><option  value=\"Georgia\">Georgia<\/option><option  value=\"Germany\">Germany<\/option><option  value=\"Ghana\">Ghana<\/option><option  value=\"Gibraltar\">Gibraltar<\/option><option  value=\"Greece\">Greece<\/option><option  value=\"Greenland\">Greenland<\/option><option  value=\"Grenada\">Grenada<\/option><option  value=\"Guam\">Guam<\/option><option  value=\"Guatemala\">Guatemala<\/option><option  value=\"Guinea\">Guinea<\/option><option  value=\"Guinea-Bissau\">Guinea-Bissau<\/option><option  value=\"Guyana\">Guyana<\/option><option  value=\"Haiti\">Haiti<\/option><option  value=\"Honduras\">Honduras<\/option><option  value=\"Hong Kong\">Hong Kong<\/option><option  value=\"Hungary\">Hungary<\/option><option  value=\"Iceland\">Iceland<\/option><option  value=\"India\">India<\/option><option  value=\"Indonesia\">Indonesia<\/option><option  value=\"Iran\">Iran<\/option><option  value=\"Iraq\">Iraq<\/option><option  value=\"Ireland\">Ireland<\/option><option  value=\"Israel\">Israel<\/option><option  value=\"Jamaica\">Jamaica<\/option><option  value=\"Japan\">Japan<\/option><option  value=\"Jordan\">Jordan<\/option><option  value=\"Kazakhstan\">Kazakhstan<\/option><option  value=\"Kenya\">Kenya<\/option><option  value=\"Kiribati\">Kiribati<\/option><option  value=\"North Korea\">North Korea<\/option><option  value=\"South Korea\">South Korea<\/option><option  value=\"Kuwait\">Kuwait<\/option><option  value=\"Kyrgyzstan\">Kyrgyzstan<\/option><option  value=\"Laos\">Laos<\/option><option  value=\"Latvia\">Latvia<\/option><option  value=\"Lebanon\">Lebanon<\/option><option  value=\"Lesotho\">Lesotho<\/option><option  value=\"Liberia\">Liberia<\/option><option  value=\"Libya\">Libya<\/option><option  value=\"Liechtenstein\">Liechtenstein<\/option><option  value=\"Lithuania\">Lithuania<\/option><option  value=\"Luxembourg\">Luxembourg<\/option><option  value=\"Macedonia\">Macedonia<\/option><option  value=\"Madagascar\">Madagascar<\/option><option  value=\"Malawi\">Malawi<\/option><option  value=\"Malaysia\">Malaysia<\/option><option  value=\"Maldives\">Maldives<\/option><option  value=\"Mali\">Mali<\/option><option  value=\"Malta\">Malta<\/option><option  value=\"Marshall Islands\">Marshall Islands<\/option><option  value=\"Mauritania\">Mauritania<\/option><option  value=\"Mauritius\">Mauritius<\/option><option  value=\"Mexico\">Mexico<\/option><option  value=\"Micronesia\">Micronesia<\/option><option  value=\"Moldova\">Moldova<\/option><option  value=\"Monaco\">Monaco<\/option><option  value=\"Mongolia\">Mongolia<\/option><option  value=\"Montenegro\">Montenegro<\/option><option  value=\"Montserrat\">Montserrat<\/option><option  value=\"Morocco\">Morocco<\/option><option  value=\"Mozambique\">Mozambique<\/option><option  value=\"Myanmar\">Myanmar<\/option><option  value=\"Namibia\">Namibia<\/option><option  value=\"Nauru\">Nauru<\/option><option  value=\"Nepal\">Nepal<\/option><option  value=\"Netherlands\">Netherlands<\/option><option  value=\"New Zealand\">New Zealand<\/option><option  value=\"Nicaragua\">Nicaragua<\/option><option  value=\"Niger\">Niger<\/option><option  value=\"Nigeria\">Nigeria<\/option><option  value=\"Norway\">Norway<\/option><option  value=\"Northern Mariana Islands\">Northern Mariana Islands<\/option><option  value=\"Oman\">Oman<\/option><option  value=\"Pakistan\">Pakistan<\/option><option  value=\"Palau\">Palau<\/option><option  value=\"Palestine\">Palestine<\/option><option  value=\"Panama\">Panama<\/option><option  value=\"Papua New Guinea\">Papua New Guinea<\/option><option  value=\"Paraguay\">Paraguay<\/option><option  value=\"Peru\">Peru<\/option><option  value=\"Philippines\">Philippines<\/option><option  value=\"Poland\">Poland<\/option><option  value=\"Portugal\">Portugal<\/option><option  value=\"Puerto Rico\">Puerto Rico<\/option><option  value=\"Qatar\">Qatar<\/option><option  value=\"Romania\">Romania<\/option><option  value=\"Russia\">Russia<\/option><option  value=\"Rwanda\">Rwanda<\/option><option  value=\"Saint Kitts and Nevis\">Saint Kitts and Nevis<\/option><option  value=\"Saint Lucia\">Saint Lucia<\/option><option  value=\"nt Vincent and the Grenadines\">nt Vincent and the Grenadines<\/option><option  value=\"Samoa\">Samoa<\/option><option  value=\"San Marino\">San Marino<\/option><option  value=\"Sao Tome and Principe\">Sao Tome and Principe<\/option><option  value=\"Saudi Arabia\">Saudi Arabia<\/option><option  value=\"Senegal\">Senegal<\/option><option  value=\"Serbia and Montenegro\">Serbia and Montenegro<\/option><option  value=\"Seychelles\">Seychelles<\/option><option  value=\"Sierra Leone\">Sierra Leone<\/option><option  value=\"Singapore\">Singapore<\/option><option  value=\"Slovakia\">Slovakia<\/option><option  value=\"Slovenia\">Slovenia<\/option><option  value=\"Solomon Islands\">Solomon Islands<\/option><option  value=\"Somalia\">Somalia<\/option><option  value=\"South Africa\">South Africa<\/option><option  value=\"South Sudan\">South Sudan<\/option><option  value=\"Spain\">Spain<\/option><option  value=\"Sri Lanka\">Sri Lanka<\/option><option  value=\"Sudan\">Sudan<\/option><option  value=\"Suriname\">Suriname<\/option><option  value=\"Swaziland\">Swaziland<\/option><option  value=\"Sweden\">Sweden<\/option><option  value=\"Switzerland\">Switzerland<\/option><option  value=\"Syria\">Syria<\/option><option  value=\"Taiwan\">Taiwan<\/option><option  value=\"Tajikistan\">Tajikistan<\/option><option  value=\"Tanzania\">Tanzania<\/option><option  value=\"Thailand\">Thailand<\/option><option  value=\"Togo\">Togo<\/option><option  value=\"Tonga\">Tonga<\/option><option  value=\"Trinidad and Tobago\">Trinidad and Tobago<\/option><option  value=\"Tunisia\">Tunisia<\/option><option  value=\"Turkey\">Turkey<\/option><option  value=\"Turkmenistan\">Turkmenistan<\/option><option  value=\"uvalu\">uvalu<\/option><option  value=\"Uganda\">Uganda<\/option><option  value=\"Ukraine\">Ukraine<\/option><option  value=\"United Arab Emirates\">United Arab Emirates<\/option><option  value=\"United Kingdom\">United Kingdom<\/option><option  value=\"United States\">United States<\/option><option  value=\"Uruguay\">Uruguay<\/option><option  value=\"Uzbekistan\">Uzbekistan<\/option><option  value=\"Vanuatu\">Vanuatu<\/option><option  value=\"Vatican City\">Vatican City<\/option><option  value=\"Venezuela\">Venezuela<\/option><option  value=\"Vietnam\">Vietnam<\/option><option  value=\"Virgin Islands, British\">Virgin Islands, British<\/option><option  value=\"Virgin Islands, U.S.\">Virgin Islands, U.S.<\/option><option  value=\"Yemen\">Yemen<\/option><option  value=\"Zambia\">Zambia<\/option><option  value=\"Zimbabwe\">Zimbabwe<\/option>\t<\/select>\n\t\r\n    \r\n    \r\n<\/div>\n<div id=\"frm_field_280_container\" class=\"frm_form_field form-field  frm_required_field frm_top_container frm_full\">\r\n    <label for=\"field_sqv3b\" class=\"frm_primary_label\">Con la presente richiesta di accesso civico semplice,  effettuata ai sensi e per gli effetti dell'Art. 5, comma 1,  del decreto legislativo n. 33 del 14 marzo 2013,  si chiede la pubblicazione nella seguente sottosezione (\u00e8 possibile selezionare pi\u00f9 voci)\r\n        <span class=\"frm_required\">*<\/span>\r\n    <\/label>\r\n    \t\t<select name=\"item_meta[280][]\" id=\"field_sqv3b\"  data-sectionid=\"235\"  multiple=\"multiple\"  data-placeholder=\"Seleziona le opzioni\"  data-reqmsg=\"Questo campo non pu\u00f2 essere vuoto.\" aria-required=\"true\" data-invmsg=\"Con la presente richiesta di accesso civico semplice,  effettuata ai sensi e per gli effetti dell&#039;Art. 5, comma 1,  del decreto legislativo n. 33 del 14 marzo 2013,  si chiede la pubblicazione nella seguente sottosezione (\u00e8 possibile selezionare pi\u00f9 voci) non \u00e8 valido\" class=\"auto_width frm_slimselect\" aria-invalid=\"false\"  >\n\t\t<option  value=\"\" selected='selected'> <\/option><option  value=\"Disposizioni generali\">Disposizioni generali<\/option><option  value=\"Organizzazione\">Organizzazione<\/option><option  value=\"Consulenti e collaboratori\">Consulenti e collaboratori<\/option><option  value=\"Personale\">Personale<\/option><option  value=\"Bandi di concorso\">Bandi di concorso<\/option><option  value=\"Performance\">Performance<\/option><option  value=\"Enti controllati\">Enti controllati<\/option><option  value=\"Attivit\u00e0 e procedimenti\">Attivit\u00e0 e procedimenti<\/option><option  value=\"Provvedimenti\">Provvedimenti<\/option><option  value=\"Bandi di gara e contratti\">Bandi di gara e contratti<\/option><option  value=\"Sovvenzioni, contributi, sussidi, vantaggi economici\">Sovvenzioni, contributi, sussidi, vantaggi economici<\/option><option  value=\"Bilanci\">Bilanci<\/option><option  value=\"Beni immobili e gestione patrimonio\">Beni immobili e gestione patrimonio<\/option><option  value=\"Controlli e rilievi sull&#039;amministrazione\">Controlli e rilievi sull&#039;amministrazione<\/option><option  value=\"Servizi erogati\">Servizi erogati<\/option><option  value=\"Pagamenti dell&#039;amministrazione\">Pagamenti dell&#039;amministrazione<\/option><option  value=\"Altri contenuti - Corruzione\">Altri contenuti - Corruzione<\/option><option  value=\"Altri contenuti - Accesso civico\">Altri contenuti - Accesso civico<\/option><option  value=\"Altri contenuti - Accessibilit\u00e0 e Catalogo di dati, metadati e banche dati\">Altri contenuti - Accessibilit\u00e0 e Catalogo di dati, metadati e banche dati<\/option>\t<\/select>\n\t\r\n    \r\n    \r\n<\/div>\n<div id=\"frm_field_245_container\" class=\"frm_form_field form-field  frm_required_field frm_top_container frm_full\">\r\n    <label for=\"field_7ewgfc32\" class=\"frm_primary_label\">del sottoindicato documento\/informazione\/dato di cui \u00e8 stata omessa (del tutto o in parte) la pubblicazione obbligatoria:\r\n        <span class=\"frm_required\">*<\/span>\r\n    <\/label>\r\n    <textarea name=\"item_meta[245]\" id=\"field_7ewgfc32\" rows=\"5\"  data-sectionid=\"235\"  data-reqmsg=\"Questo campo non pu\u00f2 essere vuoto.\" aria-required=\"true\" data-invmsg=\"del sottoindicato documento\/informazione\/dato di cui \u00e8 stata omessa (del tutto o in parte) la pubblicazione obbligatoria: non \u00e8 valido\" aria-invalid=\"false\"  ><\/textarea>\r\n    \r\n    \r\n<\/div>\n<\/div>\n<div id=\"frm_field_247_container\" class=\"frm_form_field  frm_html_container form-field\"><strong>Nota informativa sul trattamento dei dati personali<\/strong><br \/>\nL\u2019 Informativa per il trattamento dei dati \u00e8 consultabile alla pagina <strong><a href=\"https:\/\/www.unica.it\/it\/privacy\" target=\"_blank\">https:\/\/www.unica.it\/it\/privacy<\/a><\/strong>  per ciascuna categoria di interessati con finalit\u00e0 \"prevenzione della corruzione e trasparenza\".<\/p>\n<p>L'Universit\u00e0 degli Studi di Cagliari effettuer\u00e0 il trattamento dei dati personali contenuti nel presente modulo al solo scopo di evadere l'istanza presentata, nel rispetto del Regolamento UE (2016\/679).<\/p><\/div>\n<div id=\"frm_field_248_container\" class=\"frm_form_field form-field  frm_required_field frm_top_container vertical_radio\">\r\n    <label  class=\"frm_primary_label\">Presa visione dell'informativa\r\n        <span class=\"frm_required\">*<\/span>\r\n    <\/label>\r\n    <div class=\"frm_opt_container\">\t\t<div class=\"frm_checkbox\" id=\"frm_checkbox_248-0\">\t\t\t<label  for=\"field_hqgkx2-0\">\n\t\t\t<input type=\"checkbox\" name=\"item_meta[248][]\" id=\"field_hqgkx2-0\" value=\"S\u00ec\"  data-reqmsg=\"Questo campo non pu\u00f2 essere vuoto.\" data-invmsg=\"Presa visione dell&#039;informativa non \u00e8 valido\" aria-invalid=\"false\"   aria-required=\"true\"  \/> <\/label><\/div>\n<\/div>\r\n    \r\n    \r\n<\/div>\n<div id=\"frm_field_249_container\" class=\"frm_form_field  frm_html_container form-field\"><strong>Per eventuali problemi nell'utilizzo del modulo online si \u00e8 pregati di contattare: <a href=\"trasparenza@unica.it\">trasparenza@unica.it<\/a><\/strong><\/p>\n<p>\u00a0<\/p><\/div>\n<input type=\"hidden\" name=\"frm_page_order_13\" id=\"frm_page_order_13\" value=\"17\" \/><input type=\"hidden\" name=\"item_meta[252]\" id=\"field_utr6t2\" value=\"\"     \/>\n<input type=\"hidden\" name=\"item_meta[254]\" id=\"field_awwej2\" value=\"\"     \/>\n<input type=\"hidden\" name=\"item_meta[255]\" id=\"field_sdgny2\" value=\"\"     \/>\n<input type=\"hidden\" name=\"item_meta[256]\" id=\"field_vlpt7s32\" value=\"1\"  data-frmval=\"1\"   \/>\n\t<input type=\"hidden\" name=\"item_key\" value=\"\" \/>\n\t\t\t<div id=\"frm_field_329_container\">\n\t\t\t<label for=\"field_b997a\" >\n\t\t\t\tSe sei un essere umano, lascia questo campo vuoto.\t\t\t<\/label>\n\t\t\t<input  id=\"field_b997a\" type=\"text\" class=\"frm_form_field form-field frm_verify\" name=\"item_meta[329]\" value=\"\"  \/>\n\t\t<\/div>\n\t\t<input name=\"frm_state\" type=\"hidden\" value=\"oTFe6hSDQbtB18OrIlE5lOhlAVX+nAOogoB6Uxhwr1jaxhDiFBnLDnZVio5YjOQL\" \/><div class=\"frm_submit\">\r\n\r\n<input type=\"submit\" value=\"Successivo\"  formnovalidate=\"formnovalidate\" \/>\r\n<img decoding=\"async\" class=\"frm_ajax_loading\" src=\"https:\/\/trasparenza.unica.it\/accesso\/wp-content\/plugins\/formidable\/images\/ajax_loader.gif\" alt=\"Invio\"\/>\r\n\r\n<\/div><\/div>\n<\/fieldset>\n<\/div>\n\n<\/form>\n<\/div>\n\n","protected":false},"excerpt":{"rendered":"","protected":false},"author":643,"featured_media":0,"parent":0,"menu_order":0,"comment_status":"closed","ping_status":"closed","template":"","meta":{"footnotes":""},"class_list":["post-650","page","type-page","status-publish","hentry","post-seq-1","post-parity-odd","meta-position-corners","fix"],"_links":{"self":[{"href":"https:\/\/trasparenza.unica.it\/accesso\/wp-json\/wp\/v2\/pages\/650","targetHints":{"allow":["GET"]}}],"collection":[{"href":"https:\/\/trasparenza.unica.it\/accesso\/wp-json\/wp\/v2\/pages"}],"about":[{"href":"https:\/\/trasparenza.unica.it\/accesso\/wp-json\/wp\/v2\/types\/page"}],"author":[{"embeddable":true,"href":"https:\/\/trasparenza.unica.it\/accesso\/wp-json\/wp\/v2\/users\/643"}],"replies":[{"embeddable":true,"href":"https:\/\/trasparenza.unica.it\/accesso\/wp-json\/wp\/v2\/comments?post=650"}],"version-history":[{"count":3,"href":"https:\/\/trasparenza.unica.it\/accesso\/wp-json\/wp\/v2\/pages\/650\/revisions"}],"predecessor-version":[{"id":789,"href":"https:\/\/trasparenza.unica.it\/accesso\/wp-json\/wp\/v2\/pages\/650\/revisions\/789"}],"wp:attachment":[{"href":"https:\/\/trasparenza.unica.it\/accesso\/wp-json\/wp\/v2\/media?parent=650"}],"curies":[{"name":"wp","href":"https:\/\/api.w.org\/{rel}","templated":true}]}}